{"id":18014,"date":"2025-06-10T18:24:39","date_gmt":"2025-06-10T15:24:39","guid":{"rendered":"https:\/\/setmakina.com\/tete-de-polissage\/"},"modified":"2025-09-23T12:39:34","modified_gmt":"2025-09-23T09:39:34","slug":"tete-de-polissage","status":"publish","type":"page","link":"https:\/\/setmakina.com\/fr\/tete-de-polissage\/","title":{"rendered":"T\u00eate de Polissage"},"content":{"rendered":"\t\t<div data-elementor-type=\"wp-page\" data-elementor-id=\"18014\" class=\"elementor elementor-18014 elementor-577\" data-elementor-post-type=\"page\">\n\t\t\t\t<div class=\"elementor-element elementor-element-1f2c127 e-flex e-con-boxed e-con e-parent\" data-id=\"1f2c127\" data-element_type=\"container\" data-e-type=\"container\" data-settings=\"{&quot;background_background&quot;:&quot;gradient&quot;}\">\n\t\t\t\t\t<div class=\"e-con-inner\">\n\t\t<div class=\"elementor-element elementor-element-552266b e-con-full e-flex e-con e-child\" data-id=\"552266b\" data-element_type=\"container\" data-e-type=\"container\">\n\t\t\t\t<div class=\"elementor-element elementor-element-f674397 elementor-widget elementor-widget-heading\" data-id=\"f674397\" data-element_type=\"widget\" data-e-type=\"widget\" data-widget_type=\"heading.default\">\n\t\t\t\t<div class=\"elementor-widget-container\">\n\t\t\t\t\t<h2 class=\"elementor-heading-title elementor-size-default\">T\u00eate de polissage<\/h2>\t\t\t\t<\/div>\n\t\t\t\t<\/div>\n\t\t\t\t<div class=\"elementor-element elementor-element-35624f2 elementor-widget elementor-widget-dce-breadcrumbs\" data-id=\"35624f2\" data-element_type=\"widget\" data-e-type=\"widget\" data-widget_type=\"dce-breadcrumbs.default\">\n\t\t\t\t<div class=\"elementor-widget-container\">\n\t\t\t\t\t<div><span><span><a href=\"https:\/\/navajowhite-jay-985369.hostingersite.com\/\">Page d'accueil<\/a><\/span><\/span><\/div>\t\t\t\t<\/div>\n\t\t\t\t<\/div>\n\t\t\t\t<\/div>\n\t\t<div class=\"elementor-element elementor-element-6892435 e-con-full e-flex e-con e-child\" data-id=\"6892435\" data-element_type=\"container\" data-e-type=\"container\">\n\t\t\t\t<div class=\"elementor-element elementor-element-f091195 elementor-widget elementor-widget-text-editor\" data-id=\"f091195\" data-element_type=\"widget\" data-e-type=\"widget\" data-widget_type=\"text-editor.default\">\n\t\t\t\t<div class=\"elementor-widget-container\">\n\t\t\t\t\t\t\t\t\t<p>T\u00eates de polissage haute performance con\u00e7ues pour une finition de pr\u00e9cision dans les op\u00e9rations de traitement du granit et de la c\u00e9ramique. Con\u00e7ues pour offrir une qualit\u00e9 de surface, une durabilit\u00e9 et une efficacit\u00e9 constantes, elles garantissent des r\u00e9sultats optimaux dans des environnements de production exigeants. <\/p>\t\t\t\t\t\t\t\t<\/div>\n\t\t\t\t<\/div>\n\t\t\t\t<\/div>\n\t\t\t\t\t<\/div>\n\t\t\t\t<\/div>\n\t\t<div class=\"elementor-element elementor-element-9a6ccfa e-flex e-con-boxed e-con e-parent\" data-id=\"9a6ccfa\" data-element_type=\"container\" data-e-type=\"container\">\n\t\t\t\t\t<div class=\"e-con-inner\">\n\t\t\t\t<div class=\"elementor-element elementor-element-ba4c6c0 elementor-grid-3 elementor-grid-tablet-2 elementor-grid-mobile-1 elementor-widget elementor-widget-loop-grid\" data-id=\"ba4c6c0\" data-element_type=\"widget\" data-e-type=\"widget\" data-settings=\"{&quot;template_id&quot;:476,&quot;_skin&quot;:&quot;post&quot;,&quot;columns&quot;:&quot;3&quot;,&quot;columns_tablet&quot;:&quot;2&quot;,&quot;columns_mobile&quot;:&quot;1&quot;,&quot;edit_handle_selector&quot;:&quot;[data-elementor-type=\\&quot;loop-item\\&quot;]&quot;,&quot;row_gap&quot;:{&quot;unit&quot;:&quot;px&quot;,&quot;size&quot;:&quot;&quot;,&quot;sizes&quot;:[]},&quot;row_gap_tablet&quot;:{&quot;unit&quot;:&quot;px&quot;,&quot;size&quot;:&quot;&quot;,&quot;sizes&quot;:[]},&quot;row_gap_mobile&quot;:{&quot;unit&quot;:&quot;px&quot;,&quot;size&quot;:&quot;&quot;,&quot;sizes&quot;:[]}}\" data-widget_type=\"loop-grid.post\">\n\t\t\t\t<div class=\"elementor-widget-container\">\n\t\t\t\t\t\t\t<div class=\"elementor-loop-container elementor-grid\">\n\t\t<style id=\"loop-476\">.elementor-476 .elementor-element.elementor-element-7933bed{--display:flex;--flex-direction:column;--container-widget-width:100%;--container-widget-height:initial;--container-widget-flex-grow:0;--container-widget-align-self:initial;--flex-wrap-mobile:wrap;--justify-content:space-between;--border-radius:8px 8px 8px 8px;box-shadow:1px 3px 56px 1px rgba(0, 0, 0, 0.04);--padding-top:0px;--padding-bottom:0px;--padding-left:0px;--padding-right:0px;}.elementor-476 .elementor-element.elementor-element-fc393a3{--display:flex;}.elementor-widget-image .widget-image-caption{color:var( --e-global-color-text );font-family:var( --e-global-typography-text-font-family ), Sans-serif;font-weight:var( --e-global-typography-text-font-weight );}.elementor-476 .elementor-element.elementor-element-23b695f{--display:flex;--gap:7px 0px;--row-gap:7px;--column-gap:0px;--border-radius:0px 0px 8px 8px;--padding-top:20px;--padding-bottom:20px;--padding-left:15px;--padding-right:15px;}.elementor-476 .elementor-element.elementor-element-23b695f:not(.elementor-motion-effects-element-type-background), .elementor-476 .elementor-element.elementor-element-23b695f > .elementor-motion-effects-container > .elementor-motion-effects-layer{background-color:#EDEDED;}.elementor-476 .elementor-element.elementor-element-23b695f.e-con{--align-self:flex-end;--order:99999 \/* order end hack *\/;}.elementor-widget-heading .elementor-heading-title{font-family:var( --e-global-typography-primary-font-family ), Sans-serif;font-weight:var( --e-global-typography-primary-font-weight );color:var( --e-global-color-primary );}.elementor-476 .elementor-element.elementor-element-e886870{text-align:center;}.elementor-476 .elementor-element.elementor-element-e886870 .elementor-heading-title{font-family:\"Roboto\", Sans-serif;font-size:22px;font-weight:600;color:#000000;}.elementor-widget-text-editor{font-family:var( --e-global-typography-text-font-family ), Sans-serif;font-weight:var( --e-global-typography-text-font-weight );color:var( --e-global-color-text );}.elementor-widget-text-editor.elementor-drop-cap-view-stacked .elementor-drop-cap{background-color:var( --e-global-color-primary );}.elementor-widget-text-editor.elementor-drop-cap-view-framed .elementor-drop-cap, .elementor-widget-text-editor.elementor-drop-cap-view-default .elementor-drop-cap{color:var( --e-global-color-primary );border-color:var( --e-global-color-primary );}.elementor-476 .elementor-element.elementor-element-e57ed2f{text-align:center;font-family:\"Roboto\", Sans-serif;font-size:16px;font-weight:400;color:#020202;}.elementor-476 .elementor-element.elementor-element-e57ed2f > .elementor-widget-container{margin:1px 0px 0px 0px;}<\/style>\t\t<div data-elementor-type=\"loop-item\" data-elementor-id=\"476\" class=\"elementor elementor-476 e-loop-item e-loop-item-18055 post-18055 products type-products status-publish hentry product-category-carriere-de-granit product-category-tete-de-polissage\" data-elementor-post-type=\"elementor_library\" data-custom-edit-handle=\"1\">\n\t\t\t<div class=\"elementor-element elementor-element-7933bed e-flex e-con-boxed e-con e-parent\" data-id=\"7933bed\" data-element_type=\"container\" data-e-type=\"container\">\n\t\t\t\t\t<div class=\"e-con-inner\">\n\t\t<div class=\"elementor-element elementor-element-fc393a3 e-con-full e-flex e-con e-child\" data-id=\"fc393a3\" data-element_type=\"container\" data-e-type=\"container\">\n\t\t\t\t<div class=\"elementor-element elementor-element-4f71e77 dce_masking-none elementor-widget elementor-widget-image\" data-id=\"4f71e77\" data-element_type=\"widget\" data-e-type=\"widget\" data-widget_type=\"image.default\">\n\t\t\t\t<div class=\"elementor-widget-container\">\n\t\t\t\t\t\t\t\t\t\t\t\t\t\t\t\t<a href=\"https:\/\/setmakina.com\/fr\/produits\/tete-de-polissage-cika\/\">\n\t\t\t\t\t\t\t<img loading=\"lazy\" decoding=\"async\" loading=\"lazy\" width=\"1024\" height=\"1024\" src=\"https:\/\/i0.wp.com\/setmakina.com\/wp-content\/uploads\/2025\/06\/cika-polishing-head-marble-granite-ceramic-slab-surface.webp?fit=1024%2C1024&amp;ssl=1\" class=\"attachment-large size-large wp-image-6803\" alt=\"\" srcset=\"https:\/\/i0.wp.com\/setmakina.com\/wp-content\/uploads\/2025\/06\/cika-polishing-head-marble-granite-ceramic-slab-surface.webp?w=1200&amp;ssl=1 1200w, https:\/\/i0.wp.com\/setmakina.com\/wp-content\/uploads\/2025\/06\/cika-polishing-head-marble-granite-ceramic-slab-surface.webp?resize=300%2C300&amp;ssl=1 300w, https:\/\/i0.wp.com\/setmakina.com\/wp-content\/uploads\/2025\/06\/cika-polishing-head-marble-granite-ceramic-slab-surface.webp?resize=1024%2C1024&amp;ssl=1 1024w, https:\/\/i0.wp.com\/setmakina.com\/wp-content\/uploads\/2025\/06\/cika-polishing-head-marble-granite-ceramic-slab-surface.webp?resize=150%2C150&amp;ssl=1 150w, https:\/\/i0.wp.com\/setmakina.com\/wp-content\/uploads\/2025\/06\/cika-polishing-head-marble-granite-ceramic-slab-surface.webp?resize=768%2C768&amp;ssl=1 768w\" sizes=\"auto, (max-width: 1024px) 100vw, 1024px\" \/>\t\t\t\t\t\t\t\t<\/a>\n\t\t\t\t\t\t\t\t\t\t\t\t\t\t\t<\/div>\n\t\t\t\t<\/div>\n\t\t\t\t<\/div>\n\t\t<div data-dce-background-color=\"#EDEDED\" class=\"elementor-element elementor-element-23b695f e-con-full e-flex e-con e-child\" data-id=\"23b695f\" data-element_type=\"container\" data-e-type=\"container\" data-settings=\"{&quot;background_background&quot;:&quot;classic&quot;}\">\n\t\t\t\t<div class=\"elementor-element elementor-element-e886870 elementor-widget elementor-widget-heading\" data-id=\"e886870\" data-element_type=\"widget\" data-e-type=\"widget\" data-widget_type=\"heading.default\">\n\t\t\t\t<div class=\"elementor-widget-container\">\n\t\t\t\t\t<h2 class=\"elementor-heading-title elementor-size-default\"><a href=\"https:\/\/setmakina.com\/fr\/produits\/tete-de-polissage-cika\/\">T\u00caTE DE POLISSAGE CIKA<\/a><\/h2>\t\t\t\t<\/div>\n\t\t\t\t<\/div>\n\t\t\t\t<div class=\"elementor-element elementor-element-e57ed2f elementor-widget elementor-widget-text-editor\" data-id=\"e57ed2f\" data-element_type=\"widget\" data-e-type=\"widget\" data-widget_type=\"text-editor.default\">\n\t\t\t\t<div class=\"elementor-widget-container\">\n\t\t\t\t\t\t\t\t\tT\u00eate de polissage PLT-59\t\t\t\t\t\t\t\t<\/div>\n\t\t\t\t<\/div>\n\t\t\t\t<\/div>\n\t\t\t\t\t<\/div>\n\t\t\t\t<\/div>\n\t\t\t\t<\/div>\n\t\t\t\t<\/div>\n\t\t\n\t\t\t\t\t\t<\/div>\n\t\t\t\t<\/div>\n\t\t\t\t\t<\/div>\n\t\t\t\t<\/div>\n\t\t\t\t<\/div>\n\t\t","protected":false},"excerpt":{"rendered":"<p>T\u00eate de polissage Home T\u00eates de polissage haute performance con\u00e7ues pour une finition de pr\u00e9cision dans les op\u00e9rations de traitement du granit et de la c\u00e9ramique. Con\u00e7ues pour offrir une qualit\u00e9 de surface, une durabilit\u00e9 et une efficacit\u00e9 constantes, elles garantissent des r\u00e9sultats optimaux dans des environnements de production exigeants.<\/p>\n","protected":false},"author":2,"featured_media":0,"parent":0,"menu_order":0,"comment_status":"closed","ping_status":"closed","template":"","meta":{"_acf_changed":false,"nf_dc_page":"","_kad_blocks_custom_css":"","_kad_blocks_head_custom_js":"","_kad_blocks_body_custom_js":"","_kad_blocks_footer_custom_js":"","_kad_post_transparent":"disable","_kad_post_title":"hide","_kad_post_layout":"fullwidth","_kad_post_sidebar_id":"","_kad_post_content_style":"unboxed","_kad_post_vertical_padding":"hide","_kad_post_feature":"hide","_kad_post_feature_position":"","_kad_post_header":false,"_kad_post_footer":false,"_kad_post_classname":"","footnotes":""},"class_list":["post-18014","page","type-page","status-publish","hentry"],"acf":[],"yoast_head":"<!-- This site is optimized with the Yoast SEO Premium plugin v26.0 (Yoast SEO v27.5) - https:\/\/yoast.com\/product\/yoast-seo-premium-wordpress\/ -->\n<title>T\u00eate de Polissage | SET MAKINA<\/title>\n<meta name=\"description\" content=\"T\u00eates de polissage pour marbre, granit et c\u00e9ramique. Longue dur\u00e9e de vie et qualit\u00e9 constante pour vos lignes de production.\" \/>\n<meta name=\"robots\" content=\"index, follow, max-snippet:-1, max-image-preview:large, max-video-preview:-1\" \/>\n<link rel=\"canonical\" href=\"https:\/\/setmakina.com\/fr\/tete-de-polissage\/\" \/>\n<meta property=\"og:locale\" content=\"fr_FR\" \/>\n<meta property=\"og:type\" content=\"article\" \/>\n<meta property=\"og:title\" content=\"T\u00eate de Polissage\" \/>\n<meta property=\"og:description\" content=\"T\u00eates de polissage pour marbre, granit et c\u00e9ramique. Longue dur\u00e9e de vie et qualit\u00e9 constante pour vos lignes de production.\" \/>\n<meta property=\"og:url\" content=\"https:\/\/setmakina.com\/fr\/tete-de-polissage\/\" \/>\n<meta property=\"og:site_name\" content=\"SET MAKINA\" \/>\n<meta property=\"article:publisher\" content=\"https:\/\/www.facebook.com\/setmakina.as\" \/>\n<meta property=\"article:modified_time\" content=\"2025-09-23T09:39:34+00:00\" \/>\n<meta name=\"twitter:card\" content=\"summary_large_image\" \/>\n<script type=\"application\/ld+json\" class=\"yoast-schema-graph\">{\"@context\":\"https:\\\/\\\/schema.org\",\"@graph\":[{\"@type\":\"WebPage\",\"@id\":\"https:\\\/\\\/setmakina.com\\\/fr\\\/tete-de-polissage\\\/\",\"url\":\"https:\\\/\\\/setmakina.com\\\/fr\\\/tete-de-polissage\\\/\",\"name\":\"T\u00eate de Polissage | SET MAKINA\",\"isPartOf\":{\"@id\":\"https:\\\/\\\/navajowhite-jay-985369.hostingersite.com\\\/#website\"},\"datePublished\":\"2025-06-10T15:24:39+00:00\",\"dateModified\":\"2025-09-23T09:39:34+00:00\",\"description\":\"T\u00eates de polissage pour marbre, granit et c\u00e9ramique. Longue dur\u00e9e de vie et qualit\u00e9 constante pour vos lignes de production.\",\"breadcrumb\":{\"@id\":\"https:\\\/\\\/setmakina.com\\\/fr\\\/tete-de-polissage\\\/#breadcrumb\"},\"inLanguage\":\"fr-FR\",\"potentialAction\":[{\"@type\":\"ReadAction\",\"target\":[\"https:\\\/\\\/setmakina.com\\\/fr\\\/tete-de-polissage\\\/\"]}]},{\"@type\":\"BreadcrumbList\",\"@id\":\"https:\\\/\\\/setmakina.com\\\/fr\\\/tete-de-polissage\\\/#breadcrumb\",\"itemListElement\":[{\"@type\":\"ListItem\",\"position\":1,\"name\":\"Page d'accueil\",\"item\":\"https:\\\/\\\/navajowhite-jay-985369.hostingersite.com\\\/\"},{\"@type\":\"ListItem\",\"position\":2,\"name\":\"T\u00eate de Polissage\"}]},{\"@type\":\"WebSite\",\"@id\":\"https:\\\/\\\/navajowhite-jay-985369.hostingersite.com\\\/#website\",\"url\":\"https:\\\/\\\/navajowhite-jay-985369.hostingersite.com\\\/\",\"name\":\"SET MAKINA\",\"description\":\"34 Years of Innovation in Quarry Machinery\",\"publisher\":{\"@id\":\"https:\\\/\\\/navajowhite-jay-985369.hostingersite.com\\\/#organization\"},\"alternateName\":\"SET-A MAKINA\",\"potentialAction\":[{\"@type\":\"SearchAction\",\"target\":{\"@type\":\"EntryPoint\",\"urlTemplate\":\"https:\\\/\\\/navajowhite-jay-985369.hostingersite.com\\\/?s={search_term_string}\"},\"query-input\":{\"@type\":\"PropertyValueSpecification\",\"valueRequired\":true,\"valueName\":\"search_term_string\"}}],\"inLanguage\":\"fr-FR\"},{\"@type\":\"Organization\",\"@id\":\"https:\\\/\\\/navajowhite-jay-985369.hostingersite.com\\\/#organization\",\"name\":\"SET MAKINA\",\"alternateName\":\"SET-A Makina\",\"url\":\"https:\\\/\\\/navajowhite-jay-985369.hostingersite.com\\\/\",\"logo\":{\"@type\":\"ImageObject\",\"inLanguage\":\"fr-FR\",\"@id\":\"https:\\\/\\\/navajowhite-jay-985369.hostingersite.com\\\/#\\\/schema\\\/logo\\\/image\\\/\",\"url\":\"https:\\\/\\\/i0.wp.com\\\/setmakina.com\\\/wp-content\\\/uploads\\\/2025\\\/05\\\/cropped-KARE_LOGO_5x5_cm_seffaf-removebg-preview.webp?fit=512%2C512&ssl=1\",\"contentUrl\":\"https:\\\/\\\/i0.wp.com\\\/setmakina.com\\\/wp-content\\\/uploads\\\/2025\\\/05\\\/cropped-KARE_LOGO_5x5_cm_seffaf-removebg-preview.webp?fit=512%2C512&ssl=1\",\"width\":512,\"height\":512,\"caption\":\"SET MAKINA\"},\"image\":{\"@id\":\"https:\\\/\\\/navajowhite-jay-985369.hostingersite.com\\\/#\\\/schema\\\/logo\\\/image\\\/\"},\"sameAs\":[\"https:\\\/\\\/www.facebook.com\\\/setmakina.as\",\"https:\\\/\\\/www.youtube.com\\\/@set-amakina\",\"https:\\\/\\\/www.linkedin.com\\\/company\\\/set-makina\\\/posts\\\/?feedView=all\",\"https:\\\/\\\/www.instagram.com\\\/set.makina\\\/\"],\"description\":\"Set Makina is a leading Turkish manufacturer of drilling machines, diamond wire cutting systems, pneumatic motors, and stone processing equipment for marble, granite, and mining industries. Since 1991, the company has been designing and producing high-quality, reliable, and efficient machines that support quarry operators, construction firms, and industrial plants worldwide. With its registered TIGER\u00ae brand, Set Makina provides advanced solutions for rock drilling, slope protection, stone cutting, and material handling. Backed by decades of expertise, international certifications, and a commitment to innovation, the company continues to deliver equipment that improves productivity, safety, and sustainability across diverse industries.\",\"email\":\"info@setmakina.com\",\"legalName\":\"SET-A Makina Sanayi ve Ticaret A.\u015e.\",\"foundingDate\":\"1991-01-01\",\"numberOfEmployees\":{\"@type\":\"QuantitativeValue\",\"minValue\":\"51\",\"maxValue\":\"200\"}}]}<\/script>\n<!-- \/ Yoast SEO Premium plugin. -->","yoast_head_json":{"title":"T\u00eate de Polissage | SET MAKINA","description":"T\u00eates de polissage pour marbre, granit et c\u00e9ramique. Longue dur\u00e9e de vie et qualit\u00e9 constante pour vos lignes de production.","robots":{"index":"index","follow":"follow","max-snippet":"max-snippet:-1","max-image-preview":"max-image-preview:large","max-video-preview":"max-video-preview:-1"},"canonical":"https:\/\/setmakina.com\/fr\/tete-de-polissage\/","og_locale":"fr_FR","og_type":"article","og_title":"T\u00eate de Polissage","og_description":"T\u00eates de polissage pour marbre, granit et c\u00e9ramique. Longue dur\u00e9e de vie et qualit\u00e9 constante pour vos lignes de production.","og_url":"https:\/\/setmakina.com\/fr\/tete-de-polissage\/","og_site_name":"SET MAKINA","article_publisher":"https:\/\/www.facebook.com\/setmakina.as","article_modified_time":"2025-09-23T09:39:34+00:00","twitter_card":"summary_large_image","schema":{"@context":"https:\/\/schema.org","@graph":[{"@type":"WebPage","@id":"https:\/\/setmakina.com\/fr\/tete-de-polissage\/","url":"https:\/\/setmakina.com\/fr\/tete-de-polissage\/","name":"T\u00eate de Polissage | SET MAKINA","isPartOf":{"@id":"https:\/\/navajowhite-jay-985369.hostingersite.com\/#website"},"datePublished":"2025-06-10T15:24:39+00:00","dateModified":"2025-09-23T09:39:34+00:00","description":"T\u00eates de polissage pour marbre, granit et c\u00e9ramique. Longue dur\u00e9e de vie et qualit\u00e9 constante pour vos lignes de production.","breadcrumb":{"@id":"https:\/\/setmakina.com\/fr\/tete-de-polissage\/#breadcrumb"},"inLanguage":"fr-FR","potentialAction":[{"@type":"ReadAction","target":["https:\/\/setmakina.com\/fr\/tete-de-polissage\/"]}]},{"@type":"BreadcrumbList","@id":"https:\/\/setmakina.com\/fr\/tete-de-polissage\/#breadcrumb","itemListElement":[{"@type":"ListItem","position":1,"name":"Page d'accueil","item":"https:\/\/navajowhite-jay-985369.hostingersite.com\/"},{"@type":"ListItem","position":2,"name":"T\u00eate de Polissage"}]},{"@type":"WebSite","@id":"https:\/\/navajowhite-jay-985369.hostingersite.com\/#website","url":"https:\/\/navajowhite-jay-985369.hostingersite.com\/","name":"SET MAKINA","description":"34 Years of Innovation in Quarry Machinery","publisher":{"@id":"https:\/\/navajowhite-jay-985369.hostingersite.com\/#organization"},"alternateName":"SET-A MAKINA","potentialAction":[{"@type":"SearchAction","target":{"@type":"EntryPoint","urlTemplate":"https:\/\/navajowhite-jay-985369.hostingersite.com\/?s={search_term_string}"},"query-input":{"@type":"PropertyValueSpecification","valueRequired":true,"valueName":"search_term_string"}}],"inLanguage":"fr-FR"},{"@type":"Organization","@id":"https:\/\/navajowhite-jay-985369.hostingersite.com\/#organization","name":"SET MAKINA","alternateName":"SET-A Makina","url":"https:\/\/navajowhite-jay-985369.hostingersite.com\/","logo":{"@type":"ImageObject","inLanguage":"fr-FR","@id":"https:\/\/navajowhite-jay-985369.hostingersite.com\/#\/schema\/logo\/image\/","url":"https:\/\/i0.wp.com\/setmakina.com\/wp-content\/uploads\/2025\/05\/cropped-KARE_LOGO_5x5_cm_seffaf-removebg-preview.webp?fit=512%2C512&ssl=1","contentUrl":"https:\/\/i0.wp.com\/setmakina.com\/wp-content\/uploads\/2025\/05\/cropped-KARE_LOGO_5x5_cm_seffaf-removebg-preview.webp?fit=512%2C512&ssl=1","width":512,"height":512,"caption":"SET MAKINA"},"image":{"@id":"https:\/\/navajowhite-jay-985369.hostingersite.com\/#\/schema\/logo\/image\/"},"sameAs":["https:\/\/www.facebook.com\/setmakina.as","https:\/\/www.youtube.com\/@set-amakina","https:\/\/www.linkedin.com\/company\/set-makina\/posts\/?feedView=all","https:\/\/www.instagram.com\/set.makina\/"],"description":"Set Makina is a leading Turkish manufacturer of drilling machines, diamond wire cutting systems, pneumatic motors, and stone processing equipment for marble, granite, and mining industries. Since 1991, the company has been designing and producing high-quality, reliable, and efficient machines that support quarry operators, construction firms, and industrial plants worldwide. With its registered TIGER\u00ae brand, Set Makina provides advanced solutions for rock drilling, slope protection, stone cutting, and material handling. Backed by decades of expertise, international certifications, and a commitment to innovation, the company continues to deliver equipment that improves productivity, safety, and sustainability across diverse industries.","email":"info@setmakina.com","legalName":"SET-A Makina Sanayi ve Ticaret A.\u015e.","foundingDate":"1991-01-01","numberOfEmployees":{"@type":"QuantitativeValue","minValue":"51","maxValue":"200"}}]}},"taxonomy_info":[],"featured_image_src_large":false,"author_info":{"display_name":"ali","author_link":"https:\/\/setmakina.com\/fr\/author\/amant\/"},"comment_info":0,"jetpack_sharing_enabled":true,"_links":{"self":[{"href":"https:\/\/setmakina.com\/fr\/wp-json\/wp\/v2\/pages\/18014","targetHints":{"allow":["GET"]}}],"collection":[{"href":"https:\/\/setmakina.com\/fr\/wp-json\/wp\/v2\/pages"}],"about":[{"href":"https:\/\/setmakina.com\/fr\/wp-json\/wp\/v2\/types\/page"}],"author":[{"embeddable":true,"href":"https:\/\/setmakina.com\/fr\/wp-json\/wp\/v2\/users\/2"}],"replies":[{"embeddable":true,"href":"https:\/\/setmakina.com\/fr\/wp-json\/wp\/v2\/comments?post=18014"}],"version-history":[{"count":4,"href":"https:\/\/setmakina.com\/fr\/wp-json\/wp\/v2\/pages\/18014\/revisions"}],"predecessor-version":[{"id":18271,"href":"https:\/\/setmakina.com\/fr\/wp-json\/wp\/v2\/pages\/18014\/revisions\/18271"}],"wp:attachment":[{"href":"https:\/\/setmakina.com\/fr\/wp-json\/wp\/v2\/media?parent=18014"}],"curies":[{"name":"wp","href":"https:\/\/api.w.org\/{rel}","templated":true}]}}